{"id":7809,"date":"2017-10-28T14:46:34","date_gmt":"2017-10-28T12:46:34","guid":{"rendered":"https:\/\/www.misterunique.de\/?page_id=7809"},"modified":"2026-03-18T22:53:05","modified_gmt":"2026-03-18T21:53:05","slug":"about-me-neu","status":"publish","type":"page","link":"https:\/\/www.misterunique.de\/?page_id=7809&lang=de","title":{"rendered":"About Me"},"content":{"rendered":"<div class=\"wpb-content-wrapper\"><p>[vc_row][vc_column width=&#8220;1\/6&#8243;][\/vc_column][vc_column width=&#8220;2\/3&#8243;]\r\n            <div class=\"text-seperator2 text-seperator2-align-left \">\r\n                <div class=\"text-seperator2-holder\">\r\n                    <div class=\"text-seperator2-line\" style=\"\"><\/div>\r\n                <\/div>\r\n                <div class=\"text-seperator2-content\">\r\n                    <h3 class=\"text-seperator2-content-heading size-24px\" style=\";\">\r\n                        About Me                    <\/h3>\r\n                <\/div>\r\n                <div class=\"text-seperator2-holder\">\r\n                    <div class=\"text-seperator2-line\" style=\"\"><\/div>\r\n                <\/div>\r\n            <\/div>\r\n\r\n        [vc_empty_space][vc_column_text css=&#8220;&#8220;]<\/p>\n<p class=\"\" data-start=\"114\" data-end=\"436\"><strong>Hey Abenteurer und Tr\u00e4umer! Willkommen in meinem Universum, wo jeder Tag ein neues Abenteuer ist und jede Reise eine Geschichte zu erz\u00e4hlen hat! Ich bin Oliver, auch bekannt als <span style=\"color: #cc942d;\">Mister UniQue<\/span> \u2013 Reiseblogger, Geschichtenerz\u00e4hler und lebendiger Beweis daf\u00fcr, dass das Leben viel mehr zu bieten hat, als die gewohnte Routine.<\/strong><\/p>\n<p class=\"\" data-start=\"438\" data-end=\"724\">Seid ihr bereit, mit mir die Welt zu erobern und euch in die Geschichten von Reisen zu st\u00fcrzen, die sowohl das Herz ber\u00fchren als auch zum Lachen bringen? Dann seid ihr hier genau richtig! Schlie\u00dft euch mir an und lasst uns gemeinsam Momente erleben, die es wert sind, erz\u00e4hlt zu werden.<\/p>\n<p data-start=\"438\" data-end=\"724\"><span style=\"color: #ff9900;\"><strong>Hier erfahrt ihr, wo meine Leidenschaft f\u00fcr Bilder und Geschichten ihren Ursprung hat:<\/strong><\/span><\/p>\n<p><iframe loading=\"lazy\" title=\"YouTube video player\" src=\"https:\/\/www.youtube.com\/embed\/RqcwRQNmd8c?si=Q65N2Czm8jocCNgg\" width=\"750\" height=\"430\" frameborder=\"0\" allowfullscreen=\"allowfullscreen\"><\/iframe><\/p>\n<p class=\"\" data-start=\"726\" data-end=\"1050\"><a href=\"https:\/\/www.misterunique.de\/?page_id=8072\"><strong>Warum Mister UniQue?<\/strong><\/a> Dieser Name steht nicht f\u00fcr Eitelkeit, sondern f\u00fcr meinen ganz eigenen Ansatz zum Leben. Es geht darum, das Besondere zu suchen, Tr\u00e4ume zu leben und den Moment in vollen Z\u00fcgen zu genie\u00dfen. In einer Welt, die oft zu schnell vergeht, versuche ich, jeden Augenblick in seiner vollen Intensit\u00e4t zu erleben.<\/p>\n<p class=\"\" data-start=\"1052\" data-end=\"1506\"><img data-recalc-dims=\"1\" loading=\"lazy\" decoding=\"async\" data-attachment-id=\"61835\" data-permalink=\"https:\/\/www.misterunique.de\/?attachment_id=61835\" data-orig-file=\"https:\/\/i0.wp.com\/www.misterunique.de\/wp-content\/uploads\/2025\/05\/FB_IMG_1746728818508.jpg?fit=2048%2C1536&amp;ssl=1\" data-orig-size=\"2048,1536\" data-comments-opened=\"1\" data-image-meta=\"{&quot;aperture&quot;:&quot;0&quot;,&quot;credit&quot;:&quot;&quot;,&quot;camera&quot;:&quot;&quot;,&quot;caption&quot;:&quot;&quot;,&quot;created_timestamp&quot;:&quot;0&quot;,&quot;copyright&quot;:&quot;&quot;,&quot;focal_length&quot;:&quot;0&quot;,&quot;iso&quot;:&quot;0&quot;,&quot;shutter_speed&quot;:&quot;0&quot;,&quot;title&quot;:&quot;&quot;,&quot;orientation&quot;:&quot;0&quot;}\" data-image-title=\"FB_IMG_1746728818508\" data-image-description=\"\" data-image-caption=\"\" data-large-file=\"https:\/\/i0.wp.com\/www.misterunique.de\/wp-content\/uploads\/2025\/05\/FB_IMG_1746728818508.jpg?fit=1024%2C768&amp;ssl=1\" class=\"alignnone size-large wp-image-61835\" src=\"https:\/\/i0.wp.com\/www.misterunique.de\/wp-content\/uploads\/2025\/05\/FB_IMG_1746728818508.jpg?resize=1024%2C768&#038;ssl=1\" alt=\"\" width=\"1024\" height=\"768\" srcset=\"https:\/\/i0.wp.com\/www.misterunique.de\/wp-content\/uploads\/2025\/05\/FB_IMG_1746728818508.jpg?resize=1024%2C768&amp;ssl=1 1024w, https:\/\/i0.wp.com\/www.misterunique.de\/wp-content\/uploads\/2025\/05\/FB_IMG_1746728818508.jpg?resize=300%2C225&amp;ssl=1 300w, https:\/\/i0.wp.com\/www.misterunique.de\/wp-content\/uploads\/2025\/05\/FB_IMG_1746728818508.jpg?resize=768%2C576&amp;ssl=1 768w, https:\/\/i0.wp.com\/www.misterunique.de\/wp-content\/uploads\/2025\/05\/FB_IMG_1746728818508.jpg?resize=1536%2C1152&amp;ssl=1 1536w, https:\/\/i0.wp.com\/www.misterunique.de\/wp-content\/uploads\/2025\/05\/FB_IMG_1746728818508.jpg?resize=585%2C439&amp;ssl=1 585w, https:\/\/i0.wp.com\/www.misterunique.de\/wp-content\/uploads\/2025\/05\/FB_IMG_1746728818508.jpg?w=2048&amp;ssl=1 2048w\" sizes=\"auto, (max-width: 1000px) 100vw, 1000px\" \/><\/p>\n<p class=\"\" data-start=\"1052\" data-end=\"1506\">Ich habe die Welt nicht nur bereist, ich habe sie mit offenen Augen und einem neugierigen Herzen entdeckt \u2013 von den leuchtenden Lichtern New Yorks bis zu den geheimen Pfaden in Asien. Ich habe Bud Spencer in Bochum getroffen und mit ihm \u00fcber das Leben und seine Biografie gesprochen. Ich habe mit Freunden unvergessliche Roadtrips durch S\u00fcdafrika und den Westen der USA gemacht und dabei die Weiten der Natur und die Farben der Kultur in mich aufgesogen.<\/p>\n<p class=\"\" data-start=\"1508\" data-end=\"1753\"><img data-recalc-dims=\"1\" loading=\"lazy\" decoding=\"async\" data-attachment-id=\"61834\" data-permalink=\"https:\/\/www.misterunique.de\/?attachment_id=61834\" data-orig-file=\"https:\/\/i0.wp.com\/www.misterunique.de\/wp-content\/uploads\/2025\/05\/FB_IMG_1746728803326.jpg?fit=960%2C748&amp;ssl=1\" data-orig-size=\"960,748\" data-comments-opened=\"1\" data-image-meta=\"{&quot;aperture&quot;:&quot;0&quot;,&quot;credit&quot;:&quot;&quot;,&quot;camera&quot;:&quot;&quot;,&quot;caption&quot;:&quot;&quot;,&quot;created_timestamp&quot;:&quot;0&quot;,&quot;copyright&quot;:&quot;&quot;,&quot;focal_length&quot;:&quot;0&quot;,&quot;iso&quot;:&quot;0&quot;,&quot;shutter_speed&quot;:&quot;0&quot;,&quot;title&quot;:&quot;&quot;,&quot;orientation&quot;:&quot;0&quot;}\" data-image-title=\"FB_IMG_1746728803326\" data-image-description=\"\" data-image-caption=\"\" data-large-file=\"https:\/\/i0.wp.com\/www.misterunique.de\/wp-content\/uploads\/2025\/05\/FB_IMG_1746728803326.jpg?fit=960%2C748&amp;ssl=1\" class=\"alignnone size-full wp-image-61834\" src=\"https:\/\/i0.wp.com\/www.misterunique.de\/wp-content\/uploads\/2025\/05\/FB_IMG_1746728803326.jpg?resize=960%2C748&#038;ssl=1\" alt=\"\" width=\"960\" height=\"748\" srcset=\"https:\/\/i0.wp.com\/www.misterunique.de\/wp-content\/uploads\/2025\/05\/FB_IMG_1746728803326.jpg?w=960&amp;ssl=1 960w, https:\/\/i0.wp.com\/www.misterunique.de\/wp-content\/uploads\/2025\/05\/FB_IMG_1746728803326.jpg?resize=300%2C234&amp;ssl=1 300w, https:\/\/i0.wp.com\/www.misterunique.de\/wp-content\/uploads\/2025\/05\/FB_IMG_1746728803326.jpg?resize=768%2C598&amp;ssl=1 768w, https:\/\/i0.wp.com\/www.misterunique.de\/wp-content\/uploads\/2025\/05\/FB_IMG_1746728803326.jpg?resize=585%2C456&amp;ssl=1 585w\" sizes=\"auto, (max-width: 960px) 100vw, 960px\" \/><\/p>\n<p class=\"\" data-start=\"1508\" data-end=\"1753\">Und als w\u00e4re das noch nicht genug, habe ich 2014 in Panama City Beach in Florida als amerikanischer Feuerwehrmann posiert \u2013 ja, zusammen mit einem echten Firetruck! Ein Bild, das genauso einzigartig ist wie die Erlebnisse, die ich mit euch teilen m\u00f6chte.<\/p>\n<p class=\"\" data-start=\"1755\" data-end=\"1984\"><a href=\"https:\/\/i0.wp.com\/www.misterunique.de\/wp-content\/uploads\/2025\/05\/FB_IMG_1746728785279.jpg?ssl=1\"><img data-recalc-dims=\"1\" loading=\"lazy\" decoding=\"async\" data-attachment-id=\"61833\" data-permalink=\"https:\/\/www.misterunique.de\/?attachment_id=61833\" data-orig-file=\"https:\/\/i0.wp.com\/www.misterunique.de\/wp-content\/uploads\/2025\/05\/FB_IMG_1746728785279.jpg?fit=1440%2C960&amp;ssl=1\" data-orig-size=\"1440,960\" data-comments-opened=\"1\" data-image-meta=\"{&quot;aperture&quot;:&quot;0&quot;,&quot;credit&quot;:&quot;&quot;,&quot;camera&quot;:&quot;&quot;,&quot;caption&quot;:&quot;&quot;,&quot;created_timestamp&quot;:&quot;0&quot;,&quot;copyright&quot;:&quot;&quot;,&quot;focal_length&quot;:&quot;0&quot;,&quot;iso&quot;:&quot;0&quot;,&quot;shutter_speed&quot;:&quot;0&quot;,&quot;title&quot;:&quot;&quot;,&quot;orientation&quot;:&quot;0&quot;}\" data-image-title=\"FB_IMG_1746728785279\" data-image-description=\"\" data-image-caption=\"\" data-large-file=\"https:\/\/i0.wp.com\/www.misterunique.de\/wp-content\/uploads\/2025\/05\/FB_IMG_1746728785279.jpg?fit=1024%2C683&amp;ssl=1\" class=\"alignnone wp-image-61833 size-large\" src=\"https:\/\/i0.wp.com\/www.misterunique.de\/wp-content\/uploads\/2025\/05\/FB_IMG_1746728785279.jpg?resize=1024%2C683&#038;ssl=1\" alt=\"\" width=\"1024\" height=\"683\" srcset=\"https:\/\/i0.wp.com\/www.misterunique.de\/wp-content\/uploads\/2025\/05\/FB_IMG_1746728785279.jpg?resize=1024%2C683&amp;ssl=1 1024w, https:\/\/i0.wp.com\/www.misterunique.de\/wp-content\/uploads\/2025\/05\/FB_IMG_1746728785279.jpg?resize=300%2C200&amp;ssl=1 300w, https:\/\/i0.wp.com\/www.misterunique.de\/wp-content\/uploads\/2025\/05\/FB_IMG_1746728785279.jpg?resize=768%2C512&amp;ssl=1 768w, https:\/\/i0.wp.com\/www.misterunique.de\/wp-content\/uploads\/2025\/05\/FB_IMG_1746728785279.jpg?resize=585%2C390&amp;ssl=1 585w, https:\/\/i0.wp.com\/www.misterunique.de\/wp-content\/uploads\/2025\/05\/FB_IMG_1746728785279.jpg?w=1440&amp;ssl=1 1440w\" sizes=\"auto, (max-width: 1000px) 100vw, 1000px\" \/><\/a><\/p>\n<p class=\"\" data-start=\"1755\" data-end=\"1984\">Doch es geht nicht nur um die Orte, die ich bereist habe, sondern um die Menschen, die ich auf diesem Weg getroffen habe \u2013 die Momente des Lachens, Staunens und manchmal auch des Staunens vor all dem, was das Leben zu bieten hat.<\/p>\n<p class=\"\" data-start=\"1986\" data-end=\"2369\">Ich lade euch ein, nicht nur meine Geschichten zu h\u00f6ren, sondern auch von ihnen inspiriert zu werden. Denn am Ende geht es darum, dass ihr eure eigenen Tr\u00e4ume verwirklicht und die Welt auf eure ganz eigene Art entdeckt. Ich teile hier nicht nur Tipps f\u00fcr die perfekte Reiseplanung oder wie man einen Trip kosteng\u00fcnstig angeht, sondern auch, wie man die Reise des Lebens richtig lebt.<\/p>\n<p class=\"\" data-start=\"2371\" data-end=\"2410\"><strong data-start=\"2371\" data-end=\"2410\">Meine Highlights als Mister UniQue:<\/strong><\/p>\n<ul data-start=\"2412\" data-end=\"2692\">\n<li class=\"\" data-start=\"2412\" data-end=\"2460\">\n<p class=\"\" data-start=\"2414\" data-end=\"2460\">Roadtrip durch den <strong>Westen der USA<\/strong> mit Freunden<\/p>\n<\/li>\n<li class=\"\" data-start=\"2461\" data-end=\"2497\">\n<p class=\"\" data-start=\"2463\" data-end=\"2497\">2023 mit einem Freund in <strong>S\u00fcdafrika<\/strong><\/p>\n<\/li>\n<li class=\"\" data-start=\"2498\" data-end=\"2574\">\n<p class=\"\" data-start=\"2500\" data-end=\"2574\"><strong>Abenteuer in Asien<\/strong> (Vietnam, Indonesien, Malaysia, Thailand und Singapur)<\/p>\n<\/li>\n<li class=\"\" data-start=\"2575\" data-end=\"2617\">\n<p class=\"\" data-start=\"2577\" data-end=\"2617\">Ein exklusives Interview mit <strong>Bud Spencer<\/strong><\/p>\n<\/li>\n<li class=\"\" data-start=\"2618\" data-end=\"2692\">\n<p class=\"\" data-start=\"2620\" data-end=\"2692\">Eine ikonische Aufnahme als <strong>amerikanischer Feuerwehrmann<\/strong> in Florida 2014<\/p>\n<\/li>\n<\/ul>\n<p class=\"\" data-start=\"2694\" data-end=\"2860\">Glaube an dich, folge deinen Tr\u00e4umen und trau dich, den ersten Schritt zu machen. Es ist nie zu sp\u00e4t, die Welt zu entdecken und das Leben in vollen Z\u00fcgen zu genie\u00dfen!<\/p>\n<p class=\"\" data-start=\"2862\" data-end=\"2895\"><strong data-start=\"2862\" data-end=\"2895\">Be UniQue \u2013 Live Your Dreams!<\/strong><\/p>\n<p class=\"\" data-start=\"2897\" data-end=\"2930\">Euer<br data-start=\"2901\" data-end=\"2904\" \/>Oliver alias Mister UniQue<\/p>\n<p><strong>Mehr \u00fcber mich findest Du hier:<\/strong><br \/>\nYouTube: <a href=\"https:\/\/www.youtube.com\/user\/MrUniqueOnTour\" target=\"_blank\" rel=\"noopener\">https:\/\/www.youtube.com\/user\/MrUniqueOnTour<\/a><br \/>\nFacebook: <a href=\"https:\/\/www.facebook.com\/mr.uniques.lifestyle.blog\/\" target=\"_blank\" rel=\"noopener\">https:\/\/www.facebook.com\/mr.uniques.lifestyle.blog\/<br \/>\n<\/a>Instagram:\u00a0<a href=\"https:\/\/www.instagram.com\/misterunique\/\" target=\"_blank\" rel=\"noopener\">https:\/\/www.instagram.com\/misterunique\/<\/a><br \/>\nTwitter:\u00a0<a href=\"https:\/\/twitter.com\/__mr_uniQue___\" target=\"_blank\" rel=\"noopener\">https:\/\/twitter.com\/__mr_uniQue___<\/a><\/p>\n<p><a href=\"https:\/\/i0.wp.com\/www.misterunique.de\/wp-content\/uploads\/2016\/02\/20150603_170425-02.jpeg?ssl=1\"><img data-recalc-dims=\"1\" loading=\"lazy\" decoding=\"async\" data-attachment-id=\"4992\" data-permalink=\"https:\/\/www.misterunique.de\/?attachment_id=4992\" data-orig-file=\"https:\/\/i0.wp.com\/www.misterunique.de\/wp-content\/uploads\/2016\/02\/20150603_170425-02.jpeg?fit=3264%2C1836&amp;ssl=1\" data-orig-size=\"3264,1836\" data-comments-opened=\"1\" data-image-meta=\"{&quot;aperture&quot;:&quot;1.9&quot;,&quot;credit&quot;:&quot;&quot;,&quot;camera&quot;:&quot;SM-G925F&quot;,&quot;caption&quot;:&quot;&quot;,&quot;created_timestamp&quot;:&quot;1433351065&quot;,&quot;copyright&quot;:&quot;&quot;,&quot;focal_length&quot;:&quot;4.3&quot;,&quot;iso&quot;:&quot;40&quot;,&quot;shutter_speed&quot;:&quot;0.00088967971530249&quot;,&quot;title&quot;:&quot;&quot;,&quot;orientation&quot;:&quot;1&quot;}\" data-image-title=\"20150603_170425-02\" data-image-description=\"\" data-image-caption=\"\" data-large-file=\"https:\/\/i0.wp.com\/www.misterunique.de\/wp-content\/uploads\/2016\/02\/20150603_170425-02.jpeg?fit=1024%2C576&amp;ssl=1\" class=\"aligncenter size-large wp-image-4992\" src=\"https:\/\/i0.wp.com\/www.misterunique.de\/wp-content\/uploads\/2016\/02\/20150603_170425-02.jpeg?resize=1024%2C576&#038;ssl=1\" alt=\"\" width=\"1024\" height=\"576\" srcset=\"https:\/\/i0.wp.com\/www.misterunique.de\/wp-content\/uploads\/2016\/02\/20150603_170425-02.jpeg?resize=1024%2C576&amp;ssl=1 1024w, https:\/\/i0.wp.com\/www.misterunique.de\/wp-content\/uploads\/2016\/02\/20150603_170425-02.jpeg?resize=300%2C169&amp;ssl=1 300w, https:\/\/i0.wp.com\/www.misterunique.de\/wp-content\/uploads\/2016\/02\/20150603_170425-02.jpeg?resize=768%2C432&amp;ssl=1 768w, https:\/\/i0.wp.com\/www.misterunique.de\/wp-content\/uploads\/2016\/02\/20150603_170425-02.jpeg?w=2000&amp;ssl=1 2000w, https:\/\/i0.wp.com\/www.misterunique.de\/wp-content\/uploads\/2016\/02\/20150603_170425-02.jpeg?w=3000&amp;ssl=1 3000w\" sizes=\"auto, (max-width: 1000px) 100vw, 1000px\" \/><\/a>[\/vc_column_text][\/vc_column][vc_column width=&#8220;1\/6&#8243;][\/vc_column][\/vc_row]<\/p>\n<\/div>","protected":false},"excerpt":{"rendered":"<p>[vc_row][vc_column width=&#8220;1\/6&#8243;][\/vc_column][vc_column width=&#8220;2\/3&#8243;][vc_empty_space][vc_column_text css=&#8220;&#8220;] Hey Abenteurer und Tr\u00e4umer! Willkommen in meinem Universum, wo jeder Tag ein neues Abenteuer ist und jede Reise eine Geschichte zu erz\u00e4hlen hat! Ich bin Oliver, auch bekannt als Mister UniQue \u2013 Reiseblogger, Geschichtenerz\u00e4hler und lebendiger Beweis daf\u00fcr, dass das Leben&#8230;<\/p>\n","protected":false},"author":1,"featured_media":0,"parent":0,"menu_order":0,"comment_status":"closed","ping_status":"closed","template":"","meta":{"footnotes":""},"class_list":["post-7809","page","type-page","status-publish","hentry"],"jetpack_shortlink":"https:\/\/wp.me\/P6UJkf-21X","jetpack-related-posts":[],"jetpack_sharing_enabled":true,"_links":{"self":[{"href":"https:\/\/www.misterunique.de\/index.php?rest_route=\/wp\/v2\/pages\/7809","targetHints":{"allow":["GET"]}}],"collection":[{"href":"https:\/\/www.misterunique.de\/index.php?rest_route=\/wp\/v2\/pages"}],"about":[{"href":"https:\/\/www.misterunique.de\/index.php?rest_route=\/wp\/v2\/types\/page"}],"author":[{"embeddable":true,"href":"https:\/\/www.misterunique.de\/index.php?rest_route=\/wp\/v2\/users\/1"}],"replies":[{"embeddable":true,"href":"https:\/\/www.misterunique.de\/index.php?rest_route=%2Fwp%2Fv2%2Fcomments&post=7809"}],"version-history":[{"count":14,"href":"https:\/\/www.misterunique.de\/index.php?rest_route=\/wp\/v2\/pages\/7809\/revisions"}],"predecessor-version":[{"id":62800,"href":"https:\/\/www.misterunique.de\/index.php?rest_route=\/wp\/v2\/pages\/7809\/revisions\/62800"}],"wp:attachment":[{"href":"https:\/\/www.misterunique.de\/index.php?rest_route=%2Fwp%2Fv2%2Fmedia&parent=7809"}],"curies":[{"name":"wp","href":"https:\/\/api.w.org\/{rel}","templated":true}]}}